{"id":215,"date":"2020-07-22T18:36:40","date_gmt":"2020-07-22T16:36:40","guid":{"rendered":"https:\/\/maudsoulimant.com\/?page_id=215"},"modified":"2026-04-16T17:34:40","modified_gmt":"2026-04-16T15:34:40","slug":"a-propos","status":"publish","type":"page","link":"https:\/\/maudsoulimant.com\/?page_id=215","title":{"rendered":"\u00c0 PROPOS"},"content":{"rendered":"\n<div class=\"wp-block-image is-style-default\"><figure class=\"aligncenter size-large is-resized\"><img data-recalc-dims=\"1\" loading=\"lazy\" decoding=\"async\" data-attachment-id=\"787\" data-permalink=\"https:\/\/maudsoulimant.com\/?attachment_id=787\" data-orig-file=\"https:\/\/i0.wp.com\/maudsoulimant.com\/wp-content\/uploads\/2020\/12\/PORTRAIT-4.jpg?fit=742%2C554&amp;ssl=1\" data-orig-size=\"742,554\" data-comments-opened=\"0\" data-image-meta=\"{&quot;aperture&quot;:&quot;0&quot;,&quot;credit&quot;:&quot;&quot;,&quot;camera&quot;:&quot;&quot;,&quot;caption&quot;:&quot;&quot;,&quot;created_timestamp&quot;:&quot;0&quot;,&quot;copyright&quot;:&quot;&quot;,&quot;focal_length&quot;:&quot;0&quot;,&quot;iso&quot;:&quot;0&quot;,&quot;shutter_speed&quot;:&quot;0&quot;,&quot;title&quot;:&quot;&quot;,&quot;orientation&quot;:&quot;1&quot;}\" data-image-title=\"PORTRAIT-4\" data-image-description=\"\" data-image-caption=\"\" data-large-file=\"https:\/\/i0.wp.com\/maudsoulimant.com\/wp-content\/uploads\/2020\/12\/PORTRAIT-4.jpg?fit=742%2C554&amp;ssl=1\" src=\"https:\/\/i0.wp.com\/maudsoulimant.com\/wp-content\/uploads\/2020\/12\/PORTRAIT-4.jpg?resize=214%2C165&#038;ssl=1\" alt=\"\" class=\"wp-image-787\" width=\"214\" height=\"165\"\/><\/figure><\/div>\n\n\n\n<p class=\"wp-block-paragraph\">Depuis plus de 15 ans&nbsp;Maud Soulimant accompagne ses clients professionnels et particuliers dans leurs projets d\u2019am\u00e9nagement et de d\u00e9coration d\u2019int\u00e9rieurs tant en France qu\u2019\u00e0 l\u2019\u00e9tranger.<\/p>\n\n\n\n<p class=\"wp-block-paragraph\">Passionn\u00e9e de toujours par la cr\u00e9ation des espaces \u00e0 vivre, elle base sa d\u00e9marche sur l\u2019analyse holistique des besoins, la compr\u00e9hension du terrain et l\u2019\u00e9coute scrupuleuse des attentes et d\u00e9sirs de chacun.<\/p>\n\n\n\n<p class=\"wp-block-paragraph\">De la synth\u00e8se des facteurs inh\u00e9rents au contexte \u00e9merge le fil de conception&nbsp;: une charte esth\u00e9tique voit le jour et la structuration de l\u2019espace s\u2019articule autour de celle-ci.<\/p>\n\n\n\n<p class=\"wp-block-paragraph\">Il est d\u00e9sormais commun de parler de \u00ab bonnes vibrations \u00bb \u00e0 propos d\u2019un lieu. C\u2019est de cela qu\u2019il s\u2019agit&nbsp;: la recherche d\u2019harmonie par l\u2019\u00e9quilibre des composants.<br>Ainsi les notions de lumi\u00e8re, mat\u00e9riau et mati\u00e8re sont outils de l\u2019\u00e9laboration de l\u2019\u0153uvre, tous \u00e9tant destin\u00e9s \u00e0 s\u2019aligner sur une m\u00eame fr\u00e9quence avec pour finalit\u00e9 de cr\u00e9er une identit\u00e9 singuli\u00e8re et forte.<\/p>\n\n\n\n<p class=\"wp-block-paragraph\">Maud Soulimant vous accompagne tout au long de votre projet, de la conception \u00e0 la r\u00e9alisation cl\u00e9 en main.<\/p>\n","protected":false},"excerpt":{"rendered":"<p>Depuis plus de 15 ans&nbsp;Maud Soulimant accompagne ses clients professionnels et particuliers dans leurs projets d\u2019am\u00e9nagement et de d\u00e9coration d\u2019int\u00e9rieurs tant en France qu\u2019\u00e0 l\u2019\u00e9tranger. Passionn\u00e9e de toujours par la cr\u00e9ation des espaces \u00e0 vivre, elle base sa d\u00e9marche sur l\u2019analyse holistique des besoins, la compr\u00e9hension du terrain et l\u2019\u00e9coute scrupuleuse des attentes et d\u00e9sirs [&hellip;]<\/p>\n<a class=\"read-more-link\" title=\"\u00c0 PROPOS\" href=\" https:\/\/maudsoulimant.com\/?page_id=215 \">Read more <span class=\"screen-reader-text\">\"\u00c0 PROPOS\"<\/span><\/a>","protected":false},"author":189348757,"featured_media":0,"parent":0,"menu_order":0,"comment_status":"closed","ping_status":"closed","template":"","meta":{"_coblocks_attr":"","_coblocks_dimensions":"","_coblocks_responsive_height":"","_coblocks_accordion_ie_support":"","_crdt_document":"{\"document\":\"AAAGz5m4uwNuRAgSqDYBBRQCAQIKARVKAD4BAgoCQgECSgCWBgECCgJCAQJKALQGAQIKAkIBAkoAhgYBAgoCQgECSgCQDAECCgJCAQJKAF0oAycABAAnAAQAJwAoBCcAKAgnAAcAKAMnACgCJwAoEycAhwAoAycBBAAoBCcAhwAoAycBBAAoBCcAhwAoAycBBAAoBCcAhwAoAycBBAAoBCcAhwAoAycBBAAoBCfPIcEgc3RhdGV2ZXJzaW9uZG9jdW1lbnRkYXRlZG9jdW1lbnRzbHVnZG9jdW1lbnRzdGF0dXNkb2N1bWVudHRpdGxlw4AgUFJPUE9TZG9jdW1lbnRjb250ZW50PCEtLSB3cDppbWFnZSB7ImFsaWduIjoiY2VudGVyIiwiaWQiOjc4Nywid2lkdGgiOjIxNCwiaGVpZ2h0IjoxNjUsInNpemVTbHVnIjoibGFyZ2UiLCJsaW5rRGVzdGluYXRpb24iOiJub25lIiwiY2xhc3NOYW1lIjoiaXMtc3R5bGUtZGVmYXVsdCJ9IC0tPgo8ZGl2IGNsYXNzPSJ3cC1ibG9jay1pbWFnZSBpcy1zdHlsZS1kZWZhdWx0Ij48ZmlndXJlIGNsYXNzPSJhbGlnbmNlbnRlciBzaXplLWxhcmdlIGlzLXJlc2l6ZWQiPjxpbWcgc3JjPSJodHRwczovL21hdWRzb3VsaW1hbnQuY29tL3dwLWNvbnRlbnQvdXBsb2Fkcy8yMDIwLzEyL1BPUlRSQUlULTQuanBnIiBhbHQ9IiIgY2xhc3M9IndwLWltYWdlLTc4NyIgd2lkdGg9IjIxNCIgaGVpZ2h0PSIxNjUiLz48L2ZpZ3VyZT48L2Rpdj4KPCEtLSAvd3A6aW1hZ2UgLS0+Cgo8IS0tIHdwOnBhcmFncmFwaCAtLT4KPHA+RGVwdWlzIHBsdXMgZGUgMTUgYW5zJm5ic3A7TWF1ZCBTb3VsaW1hbnQgYWNjb21wYWduZSBzZXMgY2xpZW50cyBwcm9mZXNzaW9ubmVscyBldCBwYXJ0aWN1bGllcnMgZGFucyBsZXVycyBwcm9qZXRzIGTigJlhbcOpbmFnZW1lbnQgZXQgZGUgZMOpY29yYXRpb24gZOKAmWludMOpcmlldXJzIHRhbnQgZW4gRnJhbmNlIHF14oCZw6AgbOKAmcOpdHJhbmdlci48L3A+CjwhLS0gL3dwOnBhcmFncmFwaCAtLT4KCjwhLS0gd3A6cGFyYWdyYXBoIC0tPgo8cD5QYXNzaW9ubsOpZSBkZSB0b3Vqb3VycyBwYXIgbGEgY3LDqWF0aW9uIGRlcyBlc3BhY2VzIMOgIHZpdnJlLCBlbGxlIGJhc2Ugc2EgZMOpbWFyY2hlIHN1ciBs4oCZYW5hbHlzZSBob2xpc3RpcXVlIGRlcyBiZXNvaW5zLCBsYSBjb21wcsOpaGVuc2lvbiBkdSB0ZXJyYWluIGV0IGzigJnDqWNvdXRlIHNjcnVwdWxldXNlIGRlcyBhdHRlbnRlcyBldCBkw6lzaXJzIGRlIGNoYWN1bi48L3A+CjwhLS0gL3dwOnBhcmFncmFwaCAtLT4KCjwhLS0gd3A6cGFyYWdyYXBoIC0tPgo8cD5EZSBsYSBzeW50aMOoc2UgZGVzIGZhY3RldXJzIGluaMOpcmVudHMgYXUgY29udGV4dGUgw6ltZXJnZSBsZSBmaWwgZGUgY29uY2VwdGlvbiZuYnNwOzogdW5lIGNoYXJ0ZSBlc3Row6l0aXF1ZSB2b2l0IGxlIGpvdXIgZXQgbGEgc3RydWN0dXJhdGlvbiBkZSBs4oCZZXNwYWNlIHPigJlhcnRpY3VsZSBhdXRvdXIgZGUgY2VsbGUtY2kuPC9wPgo8IS0tIC93cDpwYXJhZ3JhcGggLS0+Cgo8IS0tIHdwOnBhcmFncmFwaCAtLT4KPHA+SWwgZXN0IGTDqXNvcm1haXMgY29tbXVuIGRlIHBhcmxlciBkZSDCqyBib25uZXMgdmlicmF0aW9ucyDCuyDDoCBwcm9wb3MgZOKAmXVuIGxpZXUuIEPigJllc3QgZGUgY2VsYSBxdeKAmWlsIHPigJlhZ2l0Jm5ic3A7OiBsYSByZWNoZXJjaGUgZOKAmWhhcm1vbmllIHBhciBs4oCZw6lxdWlsaWJyZSBkZXMgY29tcG9zYW50cy48YnI+QWluc2kgbGVzIG5vdGlvbnMgZGUgbHVtacOocmUsIG1hdMOpcmlhdSBldCBtYXRpw6hyZSBzb250IG91dGlscyBkZSBs4oCZw6lsYWJvcmF0aW9uIGRlIGzigJnFk3V2cmUsIHRvdXMgw6l0YW50IGRlc3RpbsOpcyDDoCBz4oCZYWxpZ25lciBzdXIgdW5lIG3Dqm1lIGZyw6lxdWVuY2UgYXZlYyBwb3VyIGZpbmFsaXTDqSBkZSBjcsOpZXIgdW5lIGlkZW50aXTDqSBzaW5ndWxpw6hyZSBldCBmb3J0ZS48L3A+CjwhLS0gL3dwOnBhcmFncmFwaCAtLT4KCjwhLS0gd3A6cGFyYWdyYXBoIC0tPgo8cD5NYXVkIFNvdWxpbWFudCB2b3VzIGFjY29tcGFnbmUgdG91dCBhdSBsb25nIGRlIHZvdHJlIHByb2pldCwgZGUgbGEgY29uY2VwdGlvbiDDoCBsYSByw6lhbGlzYXRpb24gY2zDqSBlbiBtYWluLjwvcD4KPCEtLSAvd3A6cGFyYWdyYXBoIC0tPmRvY3VtZW50ZXhjZXJwdGRvY3VtZW50YXV0aG9yZG9jdW1lbnRmZWF0dXJlZF9tZWRpYWRvY3VtZW50Y29tbWVudF9zdGF0dXNkb2N1bWVudHBpbmdfc3RhdHVzZG9jdW1lbnR0ZW1wbGF0ZWRvY3VtZW50bWV0YV9jb2Jsb2Nrc19hdHRyX2NvYmxvY2tzX2RpbWVuc2lvbnNfY29ibG9ja3NfcmVzcG9uc2l2ZV9oZWlnaHRfY29ibG9ja3NfYWNjb3JkaW9uX2llX3N1cHBvcnRhZHZhbmNlZF9zZW9fZGVzY3JpcHRpb25qZXRwYWNrX3Nlb19odG1sX3RpdGxlamV0cGFja19zZW9fbm9pbmRleGZvb3Rub3Rlc2RvY3VtZW50dGFnc2RvY3VtZW50YmxvY2tzY2xpZW50SWRpc1ZhbGlkb3JpZ2luYWxDb250ZW50bmFtZWF0dHJpYnV0ZXNhbGlnbnVybGFsdGNhcHRpb250aXRsZWhyZWZyZWxsaW5rQ2xhc3NpZHdpZHRoaGVpZ2h0c2l6ZVNsdWdsaW5rRGVzdGluYXRpb25saW5rVGFyZ2V0bG9ja2FuY2hvcmNsYXNzTmFtZXN0eWxlbWV0YWRhdGFub0JvdHRvbU1hcmdpbm5vVG9wTWFyZ2luYW5pbWF0aW9uZmlsdGVybGlnaHRib3hpbm5lckJsb2Nrc2NsaWVudElkaXNWYWxpZG9yaWdpbmFsQ29udGVudG5hbWVhdHRyaWJ1dGVzY29udGVudERlcHVpcyBwbHVzIGRlIDE1IGFucyZuYnNwO01hdWQgU291bGltYW50IGFjY29tcGFnbmUgc2VzIGNsaWVudHMgcHJvZmVzc2lvbm5lbHMgZXQgcGFydGljdWxpZXJzIGRhbnMgbGV1cnMgcHJvamV0cyBk4oCZYW3DqW5hZ2VtZW50IGV0IGRlIGTDqWNvcmF0aW9uIGTigJlpbnTDqXJpZXVycyB0YW50IGVuIEZyYW5jZSBxdeKAmcOgIGzigJnDqXRyYW5nZXIuZHJvcENhcGZvbnRXZWlnaHR0ZXh0VHJhbnNmb3Jtbm9Cb3R0b21TcGFjaW5nbm9Ub3BTcGFjaW5naW5uZXJCbG9ja3NjbGllbnRJZGlzVmFsaWRvcmlnaW5hbENvbnRlbnRuYW1lYXR0cmlidXRlc2NvbnRlbnRQYXNzaW9ubsOpZSBkZSB0b3Vqb3VycyBwYXIgbGEgY3LDqWF0aW9uIGRlcyBlc3BhY2VzIMOgIHZpdnJlLCBlbGxlIGJhc2Ugc2EgZMOpbWFyY2hlIHN1ciBs4oCZYW5hbHlzZSBob2xpc3RpcXVlIGRlcyBiZXNvaW5zLCBsYSBjb21wcsOpaGVuc2lvbiBkdSB0ZXJyYWluIGV0IGzigJnDqWNvdXRlIHNjcnVwdWxldXNlIGRlcyBhdHRlbnRlcyBldCBkw6lzaXJzIGRlIGNoYWN1bi5kcm9wQ2FwZm9udFdlaWdodHRleHRUcmFuc2Zvcm1ub0JvdHRvbVNwYWNpbmdub1RvcFNwYWNpbmdpbm5lckJsb2Nrc2NsaWVudElkaXNWYWxpZG9yaWdpbmFsQ29udGVudG5hbWVhdHRyaWJ1dGVzY29udGVudERlIGxhIHN5bnRow6hzZSBkZXMgZmFjdGV1cnMgaW5ow6lyZW50cyBhdSBjb250ZXh0ZSDDqW1lcmdlIGxlIGZpbCBkZSBjb25jZXB0aW9uJm5ic3A7OiB1bmUgY2hhcnRlIGVzdGjDqXRpcXVlIHZvaXQgbGUgam91ciBldCBsYSBzdHJ1Y3R1cmF0aW9uIGRlIGzigJllc3BhY2Ugc+KAmWFydGljdWxlIGF1dG91ciBkZSBjZWxsZS1jaS5kcm9wQ2FwZm9udFdlaWdodHRleHRUcmFuc2Zvcm1ub0JvdHRvbVNwYWNpbmdub1RvcFNwYWNpbmdpbm5lckJsb2Nrc2NsaWVudElkaXNWYWxpZG9yaWdpbmFsQ29udGVudG5hbWVhdHRyaWJ1dGVzY29udGVudElsIGVzdCBkw6lzb3JtYWlzIGNvbW11biBkZSBwYXJsZXIgZGUgwqsgYm9ubmVzIHZpYnJhdGlvbnMgwrsgw6AgcHJvcG9zIGTigJl1biBsaWV1LiBD4oCZZXN0IGRlIGNlbGEgcXXigJlpbCBz4oCZYWdpdCZuYnNwOzogbGEgcmVjaGVyY2hlIGTigJloYXJtb25pZSBwYXIgbOKAmcOpcXVpbGlicmUgZGVzIGNvbXBvc2FudHMuPGJyPkFpbnNpIGxlcyBub3Rpb25zIGRlIGx1bWnDqHJlLCBtYXTDqXJpYXUgZXQgbWF0acOocmUgc29udCBvdXRpbHMgZGUgbOKAmcOpbGFib3JhdGlvbiBkZSBs4oCZxZN1dnJlLCB0b3VzIMOpdGFudCBkZXN0aW7DqXMgw6Agc+KAmWFsaWduZXIgc3VyIHVuZSBtw6ptZSBmcsOpcXVlbmNlIGF2ZWMgcG91ciBmaW5hbGl0w6kgZGUgY3LDqWVyIHVuZSBpZGVudGl0w6kgc2luZ3VsacOocmUgZXQgZm9ydGUuZHJvcENhcGZvbnRXZWlnaHR0ZXh0VHJhbnNmb3Jtbm9Cb3R0b21TcGFjaW5nbm9Ub3BTcGFjaW5naW5uZXJCbG9ja3NjbGllbnRJZGlzVmFsaWRvcmlnaW5hbENvbnRlbnRuYW1lYXR0cmlidXRlc2NvbnRlbnRNYXVkIFNvdWxpbWFudCB2b3VzIGFjY29tcGFnbmUgdG91dCBhdSBsb25nIGRlIHZvdHJlIHByb2pldCwgZGUgbGEgY29uY2VwdGlvbiDDoCBsYSByw6lhbGlzYXRpb24gY2zDqSBlbiBtYWluLmRyb3BDYXBmb250V2VpZ2h0dGV4dFRyYW5zZm9ybW5vQm90dG9tU3BhY2luZ25vVG9wU3BhY2luZ2lubmVyQmxvY2tzBQcIBAgECAYIBUgAB40bCAcIBggOCA4IC0gBBA4UGx4YFhMJCAQIBggHDwQKBUMABwUEAwkCBQYIDwoEBgkFCA4LCQYICwgHDwQKB74CBwoNDwwLCAcPBAoHjQMHCg0PDAsIBw8ECge2AgcKDQ8MCwgHDwQKB7sFBwoNDwwLCAcPBAoHqwEHCg0PDAsPAQQAAAEAAAABBgAHAQEAHEIBAQBBAAIAQQACAEEAAgBBAAIAQQACAEEAAgACQVgBfgB9AXcTMjAyMC0wNy0yMlQxODozNjo0MHcIYS1wcm9wb3N3B3B1Ymxpc2h9le7JtAF9AHcGY2xvc2VkdwZjbG9zZWR3AHcAdwB3AHcAdwB3AHl3AHUAdyRkYTRmNmZjMy0yNjU3LTRiNjAtODAwMy04ZDgyOWIwNzVjODJ4d\/MBPGRpdiBjbGFzcz0id3AtYmxvY2staW1hZ2UgaXMtc3R5bGUtZGVmYXVsdCI+PGZpZ3VyZSBjbGFzcz0iYWxpZ25jZW50ZXIgc2l6ZS1sYXJnZSBpcy1yZXNpemVkIj48aW1nIHNyYz0iaHR0cHM6Ly9tYXVkc291bGltYW50LmNvbS93cC1jb250ZW50L3VwbG9hZHMvMjAyMC8xMi9QT1JUUkFJVC00LmpwZyIgYWx0PSIiIGNsYXNzPSJ3cC1pbWFnZS03ODciIHdpZHRoPSIyMTQiIGhlaWdodD0iMTY1Ii8+PC9maWd1cmU+PC9kaXY+dwpjb3JlL2ltYWdldwZjZW50ZXJ3Q2h0dHBzOi8vbWF1ZHNvdWxpbWFudC5jb20vd3AtY29udGVudC91cGxvYWRzLzIwMjAvMTIvUE9SVFJBSVQtNC5qcGd3AH9\/f399kwx9lgN9pQJ3BWxhcmdldwRub25lf39\/dxBpcy1zdHlsZS1kZWZhdWx0f395eX93BG5vbmV5dyQ3NzFjZjQwYS04YTYzLTQyMGYtYTk3Ny05MTRhNDk4ZTUzZmN4d9IBPHA+RGVwdWlzIHBsdXMgZGUgMTUgYW5zJm5ic3A7TWF1ZCBTb3VsaW1hbnQgYWNjb21wYWduZSBzZXMgY2xpZW50cyBwcm9mZXNzaW9ubmVscyBldCBwYXJ0aWN1bGllcnMgZGFucyBsZXVycyBwcm9qZXRzIGTigJlhbcOpbmFnZW1lbnQgZXQgZGUgZMOpY29yYXRpb24gZOKAmWludMOpcmlldXJzIHRhbnQgZW4gRnJhbmNlIHF14oCZw6AgbOKAmcOpdHJhbmdlci48L3A+dw5jb3JlL3BhcmFncmFwaHl3AHcAeXl3JGE0MmJlNzJiLThlZDctNDM2OS1iY2JkLWRmZWViODIyNjIwZHh33wE8cD5QYXNzaW9ubsOpZSBkZSB0b3Vqb3VycyBwYXIgbGEgY3LDqWF0aW9uIGRlcyBlc3BhY2VzIMOgIHZpdnJlLCBlbGxlIGJhc2Ugc2EgZMOpbWFyY2hlIHN1ciBs4oCZYW5hbHlzZSBob2xpc3RpcXVlIGRlcyBiZXNvaW5zLCBsYSBjb21wcsOpaGVuc2lvbiBkdSB0ZXJyYWluIGV0IGzigJnDqWNvdXRlIHNjcnVwdWxldXNlIGRlcyBhdHRlbnRlcyBldCBkw6lzaXJzIGRlIGNoYWN1bi48L3A+dw5jb3JlL3BhcmFncmFwaHl3AHcAeXl3JDA4MDczNDI2LTMzYjEtNGRkNi1iMGMxLWE3M2U1NmRhMTIwOHh3xQE8cD5EZSBsYSBzeW50aMOoc2UgZGVzIGZhY3RldXJzIGluaMOpcmVudHMgYXUgY29udGV4dGUgw6ltZXJnZSBsZSBmaWwgZGUgY29uY2VwdGlvbiZuYnNwOzogdW5lIGNoYXJ0ZSBlc3Row6l0aXF1ZSB2b2l0IGxlIGpvdXIgZXQgbGEgc3RydWN0dXJhdGlvbiBkZSBs4oCZZXNwYWNlIHPigJlhcnRpY3VsZSBhdXRvdXIgZGUgY2VsbGUtY2kuPC9wPncOY29yZS9wYXJhZ3JhcGh5dwB3AHl5dyQ5NDk3MmE3Yi00MGI0LTQzNGItODM3Zi01ZjYzNGY3MDhkNTV4d6cDPHA+SWwgZXN0IGTDqXNvcm1haXMgY29tbXVuIGRlIHBhcmxlciBkZSDCqyBib25uZXMgdmlicmF0aW9ucyDCuyDDoCBwcm9wb3MgZOKAmXVuIGxpZXUuIEPigJllc3QgZGUgY2VsYSBxdeKAmWlsIHPigJlhZ2l0Jm5ic3A7OiBsYSByZWNoZXJjaGUgZOKAmWhhcm1vbmllIHBhciBs4oCZw6lxdWlsaWJyZSBkZXMgY29tcG9zYW50cy48YnI+QWluc2kgbGVzIG5vdGlvbnMgZGUgbHVtacOocmUsIG1hdMOpcmlhdSBldCBtYXRpw6hyZSBzb250IG91dGlscyBkZSBs4oCZw6lsYWJvcmF0aW9uIGRlIGzigJnFk3V2cmUsIHRvdXMgw6l0YW50IGRlc3RpbsOpcyDDoCBz4oCZYWxpZ25lciBzdXIgdW5lIG3Dqm1lIGZyw6lxdWVuY2UgYXZlYyBwb3VyIGZpbmFsaXTDqSBkZSBjcsOpZXIgdW5lIGlkZW50aXTDqSBzaW5ndWxpw6hyZSBldCBmb3J0ZS48L3A+dw5jb3JlL3BhcmFncmFwaHl3AHcAeXl3JGQxYTY1NjhlLTZiNmQtNDA2ZC1iNzBkLTc4NzQ0NmI1MGQ5MHh3dTxwPk1hdWQgU291bGltYW50IHZvdXMgYWNjb21wYWduZSB0b3V0IGF1IGxvbmcgZGUgdm90cmUgcHJvamV0LCBkZSBsYSBjb25jZXB0aW9uIMOgIGxhIHLDqWFsaXNhdGlvbiBjbMOpIGVuIG1haW4uPC9wPncOY29yZS9wYXJhZ3JhcGh5dwB3AHl5AA==\",\"updateId\":450267280}","advanced_seo_description":"","jetpack_seo_html_title":"","jetpack_seo_noindex":false,"footnotes":""},"tags":[],"class_list":["post-215","page","type-page","status-publish","hentry"],"jetpack_likes_enabled":false,"jetpack_sharing_enabled":true,"jetpack_shortlink":"https:\/\/wp.me\/PcaMdh-3t","_links":{"self":[{"href":"https:\/\/maudsoulimant.com\/index.php?rest_route=\/wp\/v2\/pages\/215","targetHints":{"allow":["GET"]}}],"collection":[{"href":"https:\/\/maudsoulimant.com\/index.php?rest_route=\/wp\/v2\/pages"}],"about":[{"href":"https:\/\/maudsoulimant.com\/index.php?rest_route=\/wp\/v2\/types\/page"}],"author":[{"embeddable":true,"href":"https:\/\/maudsoulimant.com\/index.php?rest_route=\/wp\/v2\/users\/189348757"}],"replies":[{"embeddable":true,"href":"https:\/\/maudsoulimant.com\/index.php?rest_route=%2Fwp%2Fv2%2Fcomments&post=215"}],"version-history":[{"count":11,"href":"https:\/\/maudsoulimant.com\/index.php?rest_route=\/wp\/v2\/pages\/215\/revisions"}],"predecessor-version":[{"id":4486,"href":"https:\/\/maudsoulimant.com\/index.php?rest_route=\/wp\/v2\/pages\/215\/revisions\/4486"}],"wp:attachment":[{"href":"https:\/\/maudsoulimant.com\/index.php?rest_route=%2Fwp%2Fv2%2Fmedia&parent=215"}],"wp:term":[{"taxonomy":"post_tag","embeddable":true,"href":"https:\/\/maudsoulimant.com\/index.php?rest_route=%2Fwp%2Fv2%2Ftags&post=215"}],"curies":[{"name":"wp","href":"https:\/\/api.w.org\/{rel}","templated":true}]}}